{"id":3,"date":"2020-05-14T16:09:17","date_gmt":"2020-05-14T16:09:17","guid":{"rendered":"http:\/\/www.tourgreciaclassica.it\/wp_test\/?page_id=3"},"modified":"2020-05-14T16:09:17","modified_gmt":"2020-05-14T16:09:17","slug":"privacy-policy","status":"publish","type":"page","link":"https:\/\/www.tourgreciaclassica.it\/2025\/privacy-policy\/","title":{"rendered":"Privacy Policy"},"content":{"rendered":"<h2 class=\"wp-block-heading\">Informativa ex art. 13 D.Lgs. n. 196\/03<\/h2><p><strong>Viaggi Oggi S.r.l.<\/strong>, in persona del legale rappresentante <strong>Carlo Terracciano<\/strong>, con sede legale in<strong> Via Val Trompia, 136 00141 Roma<\/strong>, iscritta al Registro delle imprese di Roma con il numero 698216, P. IVA 03759551009, ai sensi dell\u2019art. 13 del Codice in materia di protezione dei dati personali, D.Lgs. 30.06.2003 n.196 (di seguito \u201cCodice della privacy\u201d), quale Titolare del trattamento, La informa che la compilazione e l\u2019invio del form di creazione di un account o del form di contatto comporter\u00e0 l\u2019acquisizione ed il trattamento, da parte della societ\u00e0, di Suoi dati personali.<\/p><h3 class=\"wp-block-heading\">Finalit\u00e0 del trattamento<\/h3><p>a) I dati personali forniti dagli utenti che compilano ed inviano il form di registrazione o il for richiesta contatti saranno utilizzati dalla nostra societ\u00e0 per consentire all\u2019utente di registrarsi o di contattarci e, quindi, di gestire i propri acquisti attraverso il portale <strong>viaggioggi.it<\/strong>.Successivamente, i dati personali dell\u2019utente registrato e quelli ulteriori che potr\u00e0 indicare accedendo al proprio account, ed in fase di compilazione degli ordini (ad esempio, indirizzi di spedizione, ecc.) saranno trattati, altres\u00ec, per la conclusione e l\u2019esecuzione degli ordini di acquisto che l\u2019utente effettuer\u00e0 on-line.b) Successivamente al primo acquisto effettuato sul nostro store, i predetti dati personali potranno essere, inoltre, trattati da Viaggi Oggi S.r.l. per l\u2019invio di comunicazioni commerciali e\/o promozionali, a mezzo e-mail. Ai sensi e per gli effetti dell\u2019art. 130 comma 4 del D.Lgs. n. 196\/03, tale trattamento non richiede il consenso dell\u2019interessato e La informiamo che potr\u00e0 in qualunque momento opporsi a tale trattamento, in maniera agevole e gratuitamente, con semplice comunicazione scritta a mezzo e-mail alle seguenti coordinate: <strong>privacy@viaggioggi.it<\/strong>.Le ricorderemo tale facolt\u00e0 in occasione dell\u2019invio di ogni comunicazione effettuata per la finalit\u00e0 che precede, come per legge.<\/p>\n<p>Natura obbligatoria o facoltativa del conferimento dei dati e conseguenze di un eventuale rifiuto a rispondere.Il conferimento dei dati personali richiesti nel form di registrazione \u00e8 necessario per perfezionare la procedura di registrazione, ed \u00e8, pertanto, obbligatorio.Il mancato conferimento dei dati richiesti comporter\u00e0, quindi, l\u2019impossibilit\u00e0, per l\u2019interessato, di creare un proprio account.<\/p><h3 class=\"wp-block-heading\">Modalit\u00e0 del trattamento.<\/h3><p>I dati personali verranno trattati da <strong>Viaggi Oggi S.r.l.<\/strong> per mezzo di incaricati e di responsabili (individuati formalmente) che utilizzeranno strumenti e supporti (cartacei e\/o informatici), idonei a garantirne la sicurezza e la riservatezza.Soggetti o categorie di soggetti ai quali i dati possono essere comunicati o che possono venirne a conoscenza in qualit\u00e0 di incaricati e responsabili.I dati conferiti dagli utenti che creano un account non saranno comunicati a terzi, sino a quando l\u2019utente non effettuer\u00e0 un acquisto on-line.In tal caso, i suoi dati potranno essere comunicati da Viaggi Oggi S.r.l. ad eventuali soggetti incaricati di svolgere attivit\u00e0 funzionali alla vendita ed alla spedizione dei nostri prodotti (ad esempio, corrieri, ecc.).In nessun caso \u00e8 prevista la diffusione dei dati dell\u2019interessato che si registra al nostro sito web o che richiede un contatto.<\/p><h3 class=\"wp-block-heading\">Diritti dell\u2019interessato.<\/h3><p>Relativamente ai propri dati personali, ciascun interessato potr\u00e0 esercitare i diritti previsti dall\u2019art. 7 del Codice (tra cui, in particolare, quello di accedere ai dati personali che lo riguardano, di chiederne la rettifica, l\u2019aggiornamento o la cancellazione, nonch\u00e9 di opporsi al loro trattamento per motivi legittimi), nei limiti ed alle condizioni previste dagli articoli 8, 9 e 10 del Codice, con semplice comunicazione alla scrivente societ\u00e0, a mezzo email all\u2019 indirizzo: privacy@viaggioggi.it.<\/p><h3 class=\"wp-block-heading\">Precisazioni sul trattamento.<\/h3><p>I dati raccolti saranno trattati da Viaggi Oggi S.r.l. sino a quando sar\u00e0 attivo l\u2019account dell\u2019utente, e, nel caso lo stesso abbia effettuato acquisti on-line, sino a quando ci\u00f2 sar\u00e0 necessario per adempiere ai conseguenti obblighi, anche di legge.Nei casi consentiti, i dati saranno trattati per l\u2019invio di comunicazioni promozionali sino a quando l\u2019interessato non avr\u00e0 manifestato la propria opposizione.In ogni caso, i dati personali dei quali non \u00e8 necessaria la conservazione in relazione agli scopi per i quali sono trattati saranno cancellati o trasformati in forma anonima, come per legge.<\/p>\n<h3>Elenco dei responsabili<\/h3><p>Responsabile interno del trattamento dei Suoi dati \u00e8, tra l\u2019altro, Viaggi Oggi S.r.l.. L\u2019elenco completo ed aggiornato dei responsabili che effettuano il trattamento dei dati pu\u00f2 essere richiesto direttamente a Viaggi Oggi S.r.l., a mezzo e-mail all\u2019indirizzo privacy@viaggioggi.it.<\/p>\n<h2>Cookie Policy<\/h2><p>Informativa ex art. 13 del Codice della Privacy redatta in conformit\u00e0 al Provvedimento del Garante 08.05.2014La presente informativa ha lo specifico scopo di illustrare i tipi, le modalit\u00e0 di utilizzo nonch\u00e9 di fornire indicazioni circa le azioni per rifiutare o eliminare i cookie presenti sul sito web.<\/p>\n<p><em>Cosa sono i cookie<\/em><br \/>I cookie sono stringhe di testo di piccole dimensioni che i siti visitati dall\u2019utente inviano al suo terminale, dove vengono memorizzati per essere poi ritrasmessi agli stessi siti alla successiva visita del medesimo utente. Ai fini che qui interessano i cookie si distinguono in tecnici e di profilazione, a seconda della funzione per la quale sono utilizzati, ed in cookie di prime parti e di terze parti, a seconda del soggetto che li installa<\/p>\n<p><em>Cookie tecnici<\/em><br \/>I cookie tecnici sono utilizzati al solo fine di \u201ceffettuare la trasmissione di una comunicazione su una rete di comunicazione elettronica, o nella misura strettamente necessaria al fornitore di un servizio della societ\u00e0 dell\u2019informazione esplicitamente richiesto dall\u2019abbonato o dall\u2019utente di erogare tale servizio\u201d (cfr art. 122 comma 1 del Codice della privacy). I cookie tecnici si distinguono in cookie di navigazione o di sessione (garantiscono la normale navigazione e fruizione del sito web), cookie analytics (assimilati ai cookie tecnici ove utilizzati direttamente dal gestore del sito per raccogliere informazioni, in forma aggregata, sul numero degli utenti e su come questi visitano il sito stesso) e cookie di funzionalit\u00e0 (permettono all\u2019utente la navigazione in funzione di una serie di criteri selezionati, quali ad esempio la lingua, al fine di migliorare il servizio reso allo stesso). Per l\u2019installazione e l\u2019utilizzo dei cookie tecnici non \u00e8 richiesto il preventivo consenso dell\u2019interessato.<\/p>\n<p><em>Cookie di profilazione<\/em><br \/>I cookie di profilazione vengono utilizzati per inviare messaggi pubblicitari in linea con le preferenze manifestate dall\u2019utente nell\u2019ambito della navigazione in rete. Per l\u2019utilizzo dei cookie di profilazione \u00e8 richiesto il consenso dell\u2019interessato.<\/p>\n<p><em>Cookie di terze parti<\/em><br \/>Tenendo conto del differente soggetto che installa i cookie sul terminale dell\u2019utente, a seconda che si tratti dello stesso gestore del sito che l\u2019utente sta visitando, o di un sito diverso che installa i cookie per il tramite del primo, si distingue tra cookie di prime parti e cookie di terze parti.<\/p>\n<p><em>I cookie installati da questo sito<\/em><br \/>Il presente sito, di propriet\u00e0 di Viaggi Oggi S.r.l., con sede legale in <strong>Via Val Trompia, 136 00141 Roma<\/strong>, che assume, pertanto, la qualit\u00e0 di titolare del trattamento ai sensi del D.Lgs. n. 196\/03 (Codice della privacy), installa i seguenti cookie (propri e di terze parti):<\/p>\n<p><em>Elenco dei cookie che raccogliamo<\/em><br \/>CARTAssociazione con il carrello<br \/>CATEGORY_INFO Memorizza le informazioni categoria nella pagina, che permette di visualizzare le pagine in modo pi\u00f9 rapido.<br \/>COMPARE Gli elementi che si hanno nella lista prodotti Confronta.<br \/>CURRENCYLa valuta preferita.<br \/>CUSTOMER Una versione criptata del vostro ID cliente con il negozio.<br \/>CUSTOMER_AUTH Un indicatore se si \u00e8 attualmente loggati nel negozio.<br \/>CUSTOMER_INFO Una versione criptata del gruppo di clienti a cui si appartiene.<br \/>CUSTOMER_SEGMENT_IDS Memorizza l\u2019ID del segmento dei clienti.<br \/>EXTERNAL_NO_CACHE Un flag, che indica se la cache \u00e8 disabilitata o meno.<br \/>FRONTEND L\u2019 ID di sessione sul server.<br \/>GUEST-VIEW Permette agli utenti di modificare i loro ordini.<br \/>LAST_CATEGORYL\u2019ultima categoria che hai visitato.<br \/>LAST_PRODUCT Gli ultimi prodotti che hai visitato.<br \/>NEWMESSAGE Indica se un nuovo messaggio \u00e8 stato ricevuto.<br \/>NO_CACHE Indica se \u00e8 consentito utilizzare la cache.<br \/>PERSISTENT_SHOPPING_CART Un link a informazioni su il carrello e la visualizzazione storica se avete chiesto il sito.<br \/>POLLL\u2019ID di qualsiasi sondaggio votato.<br \/>POLLN Informazioni sui sondaggi che hai votato.<br \/>RECENTLYCOMPARED Prodotti che hai comparato.<br \/>STF Informazioni sui prodotti che hai inviato via email agli amici.<br \/>STORE La visita del negozio o lingua selezionata.<br \/>USER_ALLOWED_SAVE_COOKIE Indica se un cliente ha permesso di utilizzare i cookie.<br \/>VIEWED_PRODUCT_IDS I prodotti che hai guardato di recente.<br \/>WISHLIST Un elenco criptato dei prodotti aggiunti alla tua lista dei desideri.<br \/>WISHLIST_CNT Il numero di elementi nella vostra lista dei desideri.<\/p><p>L\u2019utente potr\u00e0 in qualunque momento disabilitare l\u2019utilizzo dei cookie tecnici, ma in tal modo potrebbe non essere pi\u00f9 garantita la completa fruibilit\u00e0 del sito. Qualora l\u2019utente intendesse comunque avvalersi di tale facolt\u00e0, potr\u00e0 selezionare\/deselezionare i singoli cookie, con le modalit\u00e0 illustrate in calce alla presente informativa.Cookie analitici di terze partiIl sito utilizza, altres\u00ec, i seguenti<\/p>\n<p><em>cookie di terze parti<\/em><br \/>Google analytics (assimilati ai cookie tecnici dal Provvedimento del Garante del 08.05.14 e successivi chiarimenti): Cookie \u201canalytics\u201d * utilizzati per raccogliere informazioni, in forma aggregata, sul numero degli utenti e su come questi visitano il sito stesso. Tali cookie, anonimi, raccolgono informazioni su come \u00e8 utilizzato un sito internet e consentono al suo proprietario di avere una migliore conoscenza dei propri utenti e di migliorare il funzionamento del sito stesso. Maggiori informazioni sono reperibili al seguente link: http:\/\/www.google.com\/intl\/it\/policies\/privacy\/<\/p>\n<p><em>Cookie di profilazione di terze parti<\/em><br \/>Il sito utilizza, altres\u00ec, i seguenti cookie di profilazione di terze partiGoogle Adwords: Cookie di Google utilizzati per il monitoraggio delle conversioni ed il remarketing di Google e per l\u2019invio di messaggi promozionali personalizzati.<\/p>\n<div class=\"canvasWrapper\"><em>Come selezionare\/deselezionare o disattivare, rimuovere o bloccare i cookie<\/em><br \/>I cookie sono usati per eseguire autenticazioni, salvare e monitorare sessioni e per la memorizzazione di informazioni. Attraverso l\u2019utilizzo dei cookie \u00e8 anche possibile raccogliere e monitorare dati e informazioni sulle abitudini dei visitatori dei siti web allo scopo di profilare l\u2019utenza per attivit\u00e0 promozionali o operazioni di marketing mirato.Il presente sito web consente di selezionare\/deselezionare i singoli cookie, con le modalit\u00e0 di seguito illustrate, ma si avverte che, in caso di disattivazione, potrebbe non essere garantita la completa fruibilit\u00e0 del medesimo. Per disattivare, rimuovere o bloccare i cookie \u00e8 possibile ricorrere alle impostazioni del browser, secondo le indicazioni riportate di seguito:<\/div>\n<div>\u00a0<\/div>\n<div class=\"canvasWrapper\"><strong>&#8211; Firefox:<br \/><\/strong>1. Apri Firefox;<br \/>2. Premi il pulsante \u201cAlt\u201d sulla tastiera;<br \/>3. Nella barra degli strumenti situata nella parte superiore del browser, seleziona \u201cStrumenti\u201d e successivamente \u201cOpzioni\u201d;<br \/>4. Seleziona quindi la scheda \u201cPrivacy\u201d;<br \/>5. Vai su \u201cImpostazioni Cronologia\u201d e successivamente su \u201cUtilizza impostazioni personalizzate\u201d;<br \/>6. Deseleziona \u201cAccetta i cookie dai siti\u201d e salva le preferenze.<\/div>\n<div>\u00a0<\/div>\n<div class=\"canvasWrapper\"><strong>&#8211; Internet Explorer:<br \/><\/strong>1. Apri Internet Explorer;<br \/>2. Clicca sul pulsante \u201cStrumenti\u201d e quindi su \u201cOpzioni Internet\u201d;<br \/>3. Seleziona la scheda \u201cPrivacy\u201d e sposta il dispositivo di scorrimento sul livello di privacy che desideri impostare (verso l\u2019alto per bloccare tutti i cookies o verso il basso per consentirli tutti);<br \/>4. Quindi clicca su \u201cOk\u201d.<\/div>\n<div>\u00a0<\/div>\n<div class=\"canvasWrapper\"><strong>&#8211; Google Chrome:<br \/><\/strong>1. Apri Google Chrome;<br \/>2. Clicca sull\u2019icona \u201cStrumenti\u201d;<br \/>3. Seleziona \u201cImpostazioni\u201d e successivamente \u201cImpostazioni avanzate\u201d;<br \/>4. Seleziona \u201cImpostazioni dei contenuti\u201d sotto la voce \u201cPrivacy\u201d;<br \/>5. Nella scheda \u201cCookies\u201d \u00e8 possibile deselezionare i cookies e salvare le preferenze.<\/div>\n<div>\u00a0<\/div>\n<div class=\"canvasWrapper\"><strong>&#8211; Safari:<br \/><\/strong>1. Apri Safari;<br \/>2. Scegli \u201cPreferenze\u201d nella barra degli strumenti, quindi seleziona il pannello \u201cSicurezza\u201d nella finestra di dialogo che segue;<br \/>3. Nella sezione \u201cAccetta cookie\u201d \u00e8 possibile specificare se e quando Safari deve salvare i cookies dai siti web. Per ulteriori informazioni clicca sul pulsante di Aiuto (contrassegnato da un punto interrogativo);<br \/>4. Per maggiori informazioni sui cookies che vengono memorizzati sul vostro computer, clicca su \u201cMostra cookie\u201d.<\/div>\n<div>\u00a0<\/div>\n<div class=\"canvasWrapper\">Informazioni utili sui cookie e sulle modalit\u00e0 con le quali gestirli o disabilitarli, sono disponibili a questi indirizzi: http:\/\/www.allaboutcookies.org; www.youronlinechoices.eu; https:\/\/tools.google.com\/dlpage\/gaoptout; http:\/\/www.networkadvertising.org\/choices\/#completed<\/div>","protected":false},"excerpt":{"rendered":"<p>Informativa ex art. 13 D.Lgs. n. 196\/03 Viaggi Oggi S.r.l., in persona del legale rappresentante Carlo Terracciano, con sede legale in Via Val Trompia, 136 00141 Roma, iscritta al Registro delle imprese di Roma con il numero 698216, P. IVA 03759551009, ai sensi dell\u2019art. 13 del Codice in materia di protezione dei dati personali, D.Lgs.&hellip;<\/p>\n","protected":false},"author":1,"featured_media":0,"parent":0,"menu_order":0,"comment_status":"closed","ping_status":"open","template":"template-home-modern.php","meta":{"_acf_changed":false,"footnotes":""},"class_list":["post-3","page","type-page","status-publish","hentry","description-off"],"acf":[],"yoast_head":"<!-- This site is optimized with the Yoast SEO Premium plugin v24.6 (Yoast SEO v24.9) - https:\/\/yoast.com\/wordpress\/plugins\/seo\/ -->\n<title>Privacy Policy - Tour Grecia Classica<\/title>\n<meta name=\"description\" content=\"Privacy Policy, organizza la tua vacanza in Grecia, partenze garantite, assicurazione ed assistenza, siamo specialisti della Grecia dal 1992\" \/>\n<meta name=\"robots\" content=\"index, follow, max-snippet:-1, max-image-preview:large, max-video-preview:-1\" \/>\n<link rel=\"canonical\" href=\"https:\/\/www.tourgreciaclassica.it\/2025\/privacy-policy\/\" \/>\n<meta property=\"og:locale\" content=\"it_IT\" \/>\n<meta property=\"og:type\" content=\"article\" \/>\n<meta property=\"og:title\" content=\"Privacy Policy\" \/>\n<meta property=\"og:description\" content=\"Privacy Policy, organizza la tua vacanza in Grecia, partenze garantite, assicurazione ed assistenza, siamo specialisti della Grecia dal 1992\" \/>\n<meta property=\"og:url\" content=\"https:\/\/www.tourgreciaclassica.it\/2025\/privacy-policy\/\" \/>\n<meta property=\"og:site_name\" content=\"Tour Grecia Classica\" \/>\n<meta property=\"article:publisher\" content=\"https:\/\/www.facebook.com\/TourGreciaclassica.it\" \/>\n<meta name=\"twitter:card\" content=\"summary_large_image\" \/>\n<meta name=\"twitter:label1\" content=\"Tempo di lettura stimato\" \/>\n\t<meta name=\"twitter:data1\" content=\"10 minuti\" \/>\n<script type=\"application\/ld+json\" class=\"yoast-schema-graph\">{\"@context\":\"https:\/\/schema.org\",\"@graph\":[{\"@type\":\"WebPage\",\"@id\":\"https:\/\/www.tourgreciaclassica.it\/2025\/privacy-policy\/\",\"url\":\"https:\/\/www.tourgreciaclassica.it\/2025\/privacy-policy\/\",\"name\":\"Privacy Policy - Tour Grecia Classica\",\"isPartOf\":{\"@id\":\"https:\/\/www.tourgreciaclassica.it\/2025\/#website\"},\"datePublished\":\"2020-05-14T16:09:17+00:00\",\"description\":\"Privacy Policy, organizza la tua vacanza in Grecia, partenze garantite, assicurazione ed assistenza, siamo specialisti della Grecia dal 1992\",\"breadcrumb\":{\"@id\":\"https:\/\/www.tourgreciaclassica.it\/2025\/privacy-policy\/#breadcrumb\"},\"inLanguage\":\"it-IT\",\"potentialAction\":[{\"@type\":\"ReadAction\",\"target\":[\"https:\/\/www.tourgreciaclassica.it\/2025\/privacy-policy\/\"]}]},{\"@type\":\"BreadcrumbList\",\"@id\":\"https:\/\/www.tourgreciaclassica.it\/2025\/privacy-policy\/#breadcrumb\",\"itemListElement\":[{\"@type\":\"ListItem\",\"position\":1,\"name\":\"Home\",\"item\":\"https:\/\/www.tourgreciaclassica.it\/2025\/\"},{\"@type\":\"ListItem\",\"position\":2,\"name\":\"Privacy Policy\"}]},{\"@type\":\"WebSite\",\"@id\":\"https:\/\/www.tourgreciaclassica.it\/2025\/#website\",\"url\":\"https:\/\/www.tourgreciaclassica.it\/2025\/\",\"name\":\"Tour Grecia Classica\",\"description\":\"\",\"publisher\":{\"@id\":\"https:\/\/www.tourgreciaclassica.it\/2025\/#organization\"},\"potentialAction\":[{\"@type\":\"SearchAction\",\"target\":{\"@type\":\"EntryPoint\",\"urlTemplate\":\"https:\/\/www.tourgreciaclassica.it\/2025\/?s={search_term_string}\"},\"query-input\":{\"@type\":\"PropertyValueSpecification\",\"valueRequired\":true,\"valueName\":\"search_term_string\"}}],\"inLanguage\":\"it-IT\"},{\"@type\":\"Organization\",\"@id\":\"https:\/\/www.tourgreciaclassica.it\/2025\/#organization\",\"name\":\"tourgreciaclassica\",\"alternateName\":\"TGC\",\"url\":\"https:\/\/www.tourgreciaclassica.it\/2025\/\",\"logo\":{\"@type\":\"ImageObject\",\"inLanguage\":\"it-IT\",\"@id\":\"https:\/\/www.tourgreciaclassica.it\/2025\/#\/schema\/logo\/image\/\",\"url\":\"http:\/\/www.tourgreciaclassica.it\/2025\/wp-content\/uploads\/2025\/03\/logo-TGC-4-quadrato.jpg\",\"contentUrl\":\"http:\/\/www.tourgreciaclassica.it\/2025\/wp-content\/uploads\/2025\/03\/logo-TGC-4-quadrato.jpg\",\"width\":343,\"height\":343,\"caption\":\"tourgreciaclassica\"},\"image\":{\"@id\":\"https:\/\/www.tourgreciaclassica.it\/2025\/#\/schema\/logo\/image\/\"},\"sameAs\":[\"https:\/\/www.facebook.com\/TourGreciaclassica.it\",\"https:\/\/www.instagram.com\/tourgreciaclassica\/\",\"https:\/\/www.youtube.com\/channel\/UCaOTv7IUY6KfodamHtKWZAg\"],\"description\":\"tourgreciaclassica.it \u00e8 un catalogo di viaggio della ViaggiOggi Su Misura. \u201cSiamo un Tour Operator greco che per caso vive in Italia\u201d questo \u00e8 quello che diciamo sul nostro conto quando ci presentiamo perch\u00e9, di fatto, sin da quando abbiamo iniziato a muovere i primi passi in Grecia, ben 28 anni fa \u2013era il 1992\u2013 ci siamo sentiti parte di quel mare, di quelle isole, di quella gente. In questo catalogo di viaggio vengono presentati i prodotti di punta della ViaggiOggi: tour, mini tour, crociere, escursioni e hotel esclusivi in Grecia. ViaggiOggi nasce in Grecia e nel tempo aggiunge altre linee di prodotto quali Spagna, Portogallo e Nord Europa per crescere e per incontrare la richiesta di pi\u00f9 clienti.\",\"email\":\"info@tourgreciaclassica.it\",\"telephone\":\"+39 06 489 03 604\"}]}<\/script>\n<!-- \/ Yoast SEO Premium plugin. -->","yoast_head_json":{"title":"Privacy Policy - Tour Grecia Classica","description":"Privacy Policy, organizza la tua vacanza in Grecia, partenze garantite, assicurazione ed assistenza, siamo specialisti della Grecia dal 1992","robots":{"index":"index","follow":"follow","max-snippet":"max-snippet:-1","max-image-preview":"max-image-preview:large","max-video-preview":"max-video-preview:-1"},"canonical":"https:\/\/www.tourgreciaclassica.it\/2025\/privacy-policy\/","og_locale":"it_IT","og_type":"article","og_title":"Privacy Policy","og_description":"Privacy Policy, organizza la tua vacanza in Grecia, partenze garantite, assicurazione ed assistenza, siamo specialisti della Grecia dal 1992","og_url":"https:\/\/www.tourgreciaclassica.it\/2025\/privacy-policy\/","og_site_name":"Tour Grecia Classica","article_publisher":"https:\/\/www.facebook.com\/TourGreciaclassica.it","twitter_card":"summary_large_image","twitter_misc":{"Tempo di lettura stimato":"10 minuti"},"schema":{"@context":"https:\/\/schema.org","@graph":[{"@type":"WebPage","@id":"https:\/\/www.tourgreciaclassica.it\/2025\/privacy-policy\/","url":"https:\/\/www.tourgreciaclassica.it\/2025\/privacy-policy\/","name":"Privacy Policy - Tour Grecia Classica","isPartOf":{"@id":"https:\/\/www.tourgreciaclassica.it\/2025\/#website"},"datePublished":"2020-05-14T16:09:17+00:00","description":"Privacy Policy, organizza la tua vacanza in Grecia, partenze garantite, assicurazione ed assistenza, siamo specialisti della Grecia dal 1992","breadcrumb":{"@id":"https:\/\/www.tourgreciaclassica.it\/2025\/privacy-policy\/#breadcrumb"},"inLanguage":"it-IT","potentialAction":[{"@type":"ReadAction","target":["https:\/\/www.tourgreciaclassica.it\/2025\/privacy-policy\/"]}]},{"@type":"BreadcrumbList","@id":"https:\/\/www.tourgreciaclassica.it\/2025\/privacy-policy\/#breadcrumb","itemListElement":[{"@type":"ListItem","position":1,"name":"Home","item":"https:\/\/www.tourgreciaclassica.it\/2025\/"},{"@type":"ListItem","position":2,"name":"Privacy Policy"}]},{"@type":"WebSite","@id":"https:\/\/www.tourgreciaclassica.it\/2025\/#website","url":"https:\/\/www.tourgreciaclassica.it\/2025\/","name":"Tour Grecia Classica","description":"","publisher":{"@id":"https:\/\/www.tourgreciaclassica.it\/2025\/#organization"},"potentialAction":[{"@type":"SearchAction","target":{"@type":"EntryPoint","urlTemplate":"https:\/\/www.tourgreciaclassica.it\/2025\/?s={search_term_string}"},"query-input":{"@type":"PropertyValueSpecification","valueRequired":true,"valueName":"search_term_string"}}],"inLanguage":"it-IT"},{"@type":"Organization","@id":"https:\/\/www.tourgreciaclassica.it\/2025\/#organization","name":"tourgreciaclassica","alternateName":"TGC","url":"https:\/\/www.tourgreciaclassica.it\/2025\/","logo":{"@type":"ImageObject","inLanguage":"it-IT","@id":"https:\/\/www.tourgreciaclassica.it\/2025\/#\/schema\/logo\/image\/","url":"http:\/\/www.tourgreciaclassica.it\/2025\/wp-content\/uploads\/2025\/03\/logo-TGC-4-quadrato.jpg","contentUrl":"http:\/\/www.tourgreciaclassica.it\/2025\/wp-content\/uploads\/2025\/03\/logo-TGC-4-quadrato.jpg","width":343,"height":343,"caption":"tourgreciaclassica"},"image":{"@id":"https:\/\/www.tourgreciaclassica.it\/2025\/#\/schema\/logo\/image\/"},"sameAs":["https:\/\/www.facebook.com\/TourGreciaclassica.it","https:\/\/www.instagram.com\/tourgreciaclassica\/","https:\/\/www.youtube.com\/channel\/UCaOTv7IUY6KfodamHtKWZAg"],"description":"tourgreciaclassica.it \u00e8 un catalogo di viaggio della ViaggiOggi Su Misura. \u201cSiamo un Tour Operator greco che per caso vive in Italia\u201d questo \u00e8 quello che diciamo sul nostro conto quando ci presentiamo perch\u00e9, di fatto, sin da quando abbiamo iniziato a muovere i primi passi in Grecia, ben 28 anni fa \u2013era il 1992\u2013 ci siamo sentiti parte di quel mare, di quelle isole, di quella gente. In questo catalogo di viaggio vengono presentati i prodotti di punta della ViaggiOggi: tour, mini tour, crociere, escursioni e hotel esclusivi in Grecia. ViaggiOggi nasce in Grecia e nel tempo aggiunge altre linee di prodotto quali Spagna, Portogallo e Nord Europa per crescere e per incontrare la richiesta di pi\u00f9 clienti.","email":"info@tourgreciaclassica.it","telephone":"+39 06 489 03 604"}]}},"_links":{"self":[{"href":"https:\/\/www.tourgreciaclassica.it\/2025\/wp-json\/wp\/v2\/pages\/3","targetHints":{"allow":["GET"]}}],"collection":[{"href":"https:\/\/www.tourgreciaclassica.it\/2025\/wp-json\/wp\/v2\/pages"}],"about":[{"href":"https:\/\/www.tourgreciaclassica.it\/2025\/wp-json\/wp\/v2\/types\/page"}],"author":[{"embeddable":true,"href":"https:\/\/www.tourgreciaclassica.it\/2025\/wp-json\/wp\/v2\/users\/1"}],"replies":[{"embeddable":true,"href":"https:\/\/www.tourgreciaclassica.it\/2025\/wp-json\/wp\/v2\/comments?post=3"}],"version-history":[{"count":0,"href":"https:\/\/www.tourgreciaclassica.it\/2025\/wp-json\/wp\/v2\/pages\/3\/revisions"}],"wp:attachment":[{"href":"https:\/\/www.tourgreciaclassica.it\/2025\/wp-json\/wp\/v2\/media?parent=3"}],"curies":[{"name":"wp","href":"https:\/\/api.w.org\/{rel}","templated":true}]}}